{"id":831417,"date":"2023-10-05T10:23:39","date_gmt":"2023-10-05T01:23:39","guid":{"rendered":"https:\/\/www.kandagaigo.ac.jp\/kifl\/about\/"},"modified":"2023-10-23T18:20:51","modified_gmt":"2023-10-23T09:20:51","slug":"about","status":"publish","type":"page","link":"https:\/\/www.kandagaigo.ac.jp\/kifl\/vi\/about\/","title":{"rendered":"V\u1ec1 tr\u01b0\u1eddng"},"content":{"rendered":"<div class=\"content-inner\">\n\t\t\t<h4 class=\"about-copy\">\n\t\t\t\tL\u1eddi n\u00f3i l\u00e0 <span>n\u1ec1n t\u1ea3ng c\u1ee7a h\u00f2a b\u00ecnh<\/span> k\u1ebft <span>n\u1ed1i th\u1ebf gi\u1edbi<\/span>\n\t\t\t<\/h4>\n\t\t\t<p class=\"paragraph\">\n  Ch\u00fang t\u00f4i ti\u1ebfn l\u00ean ph\u00eda tr\u01b0\u1edbc v\u1edbi s\u1ef1 ph\u00e1t tri\u1ec3n v\u00e0 qu\u1ed1c t\u1ebf h\u00f3a c\u1ee7a Nh\u1eadt B\u1ea3n v\u00e0 cung c\u1ea5p m\u1ed9t m\u00f4i tr\u01b0\u1eddng gi\u00e1o d\u1ee5c lu\u00f4n theo quan \u0111i\u1ec3m c\u1ee7a th\u1eddi \u0111\u1ea1i.\n\t\t\t<\/p>\n\n\t\t\t<ul class=\"index-links\">\n\t\t\t\t<li>\n\t\t\t\t\t<a href=\".\/outline.html\">\n\t\t\t\t\t\t<div class=\"index-photo\"><\/div>\n\t\t\t\t\t\t<p class=\"index-title\">\u0110\u1ec1 c\u01b0\u01a1ng c\u1ee7a tr\u01b0\u1eddng<\/p>\n\t\t\t\t\t\t<p class=\"index-text\">\n  Ch\u00fang t\u00f4i s\u1ebd gi\u1edbi thi\u1ec7u ph\u00e1c th\u1ea3o c\u1ee7a tr\u01b0\u1eddng ch\u00fang t\u00f4i, ch\u1eb3ng h\u1ea1n nh\u01b0 v\u1ecb tr\u00ed v\u00e0 b\u1ed9 ph\u1eadn n\u01a1i n\u00f3 \u0111\u01b0\u1ee3c c\u00e0i \u0111\u1eb7t.\n\t\t\t\t\t\t<\/p>\n\t\t\t\t\t<\/a>\n\t\t\t\t<\/li>\n\t\t\t\t<li>\n\t\t\t\t\t<a href=\".\/education.html\">\n\t\t\t\t\t\t<div class=\"index-photo\"><\/div>\n\t\t\t\t\t\t<p class=\"index-title\">L\u1ecbch s\u1eed gi\u00e1o d\u1ee5c t\u1ea1i tr\u01b0\u1eddng \u0111\u1ea1i h\u1ecdc<\/p>\n\t\t\t\t\t\t<p class=\"index-text\">\n  N\u00f3 b\u1eaft \u0111\u1ea7u v\u00e0o n\u0103m 1957 khi Koichi Sano, hi\u1ec7u tr\u01b0\u1edfng \u0111\u1ea7u ti\u00ean c\u1ee7a tr\u01b0\u1eddng, th\u00e0nh l\u1eadp m\u1ed9t tr\u01b0\u1eddng ng\u00f4n ng\u1eef \u1edf Kanda, Tokyo.\n\t\t\t\t\t\t<\/p>\n\t\t\t\t\t<\/a>\n\t\t\t\t<\/li>\n\t\t\t\t<li>\n\t\t\t\t\t<a href=\".\/solution.html\">\n\t\t\t\t\t\t<div class=\"index-photo\"><\/div>\n\t\t\t\t\t\t<p class=\"index-title\">H\u1ee3p t\u00e1c gi\u00e1o d\u1ee5c<\/p>\n\t\t\t\t\t\t<p class=\"index-text\">\n  Ch\u00fang t\u00f4i cung c\u1ea5p b\u00ed quy\u1ebft c\u1ee7a T\u1eadp \u0111o\u00e0n Kanda Gaigo cho c\u00e1c t\u1ed5 ch\u1ee9c gi\u00e1o d\u1ee5c kh\u00e1c d\u01b0\u1edbi d\u1ea1ng \"gi\u1ea3i ph\u00e1p gi\u00e1o d\u1ee5c\".\n\t\t\t\t\t\t<\/p>\n\t\t\t\t\t<\/a>\n\t\t\t\t<\/li>\n\t\t\t\t<li>\n\t\t\t\t\t<a href=\"https:\/\/www.kandagaigo.ac.jp\/memorial\/\" target=\"_blank\" rel=\"noopener\">\n\t\t\t\t\t\t<div class=\"index-photo\"><\/div>\n\t\t\t\t\t\t<p class=\"index-title\">X\u00e2y d\u1ef1ng Ishizue<\/p>\n\t\t\t\t\t\t<p class=\"index-text\">\n  D\u1ef1a tr\u00ean l\u1eddi khai c\u1ee7a nh\u1eefng ng\u01b0\u1eddi \u0111\u00e3 \u0111i c\u00f9ng Kanda Gaigo, m\u1ed9t trang \u0111\u1eb7c bi\u1ec7t \"X\u00e2y d\u1ef1ng Ishizue\" l\u00e0m s\u00e1ng t\u1ecf l\u1ecbch s\u1eed c\u1ee7a Kanda Gaigo\n\t\t\t\t\t\t<\/p>\n\t\t\t\t\t<\/a>\n\t\t\t\t<\/li>\n\t\t\t<\/ul>\n\t\t<\/div>\n\n\t\t<div class=\"content-inner\">\n\t\t\t<h3 class=\"section-title\">\n\t\t\t\t<span>Th\u00f4ng \u0111i\u1ec7p t\u1eeb Tr\u01b0\u1edfng khoa<\/span>\n\t\t\t<\/h3>\n\n\t\t\t<div class=\"about-flex\">\n\t\t\t\t<div class=\"flex-textbox\">\n\t\t\t\t\t<p class=\"flex-copy\">\n  Ch\u1ecbu tr\u00e1ch nhi\u1ec7m v\u1ec1 cu\u1ed9c s\u1ed1ng c\u1ee7a m\u00ecnh sau khi t\u1ed1t nghi\u1ec7p.<br>\u0110\u00f3 l\u00e0 ni\u1ec1m t\u1ef1 h\u00e0o c\u1ee7a H\u1ecdc vi\u1ec7n Ngo\u1ea1i ng\u1eef Kanda.\n\t\t\t\t\t<\/p>\n\t\t\t\t\t<p class=\"flex-text\">\n  K\u1ec3 t\u1eeb khi th\u00e0nh l\u1eadp, H\u1ecdc vi\u1ec7n Ngo\u1ea1i ng\u1eef Kanda \u0111\u00e3 ph\u00e1t tri\u1ec3n c\u00e1c ph\u01b0\u01a1ng ph\u00e1p gi\u00e1o d\u1ee5c ti\u00ean ti\u1ebfn ph\u00f9 h\u1ee3p v\u1edbi th\u1eddi \u0111\u1ea1i thay \u0111\u1ed5i v\u00e0 nu\u00f4i d\u01b0\u1ee1ng ngu\u1ed3n nh\u00e2n l\u1ef1c c\u1ea7n thi\u1ebft cho th\u1eddi \u0111\u1ea1i \u0111\u00f3. Trong th\u1eddi k\u1ef3 t\u0103ng tr\u01b0\u1edfng kinh t\u1ebf cao, ch\u00fang t\u00f4i l\u00e0 nh\u1eefng ng\u01b0\u1eddi \u0111\u1ea7u ti\u00ean th\u00e0nh l\u1eadp c\u00e1c b\u1ed9 ph\u1eadn li\u00ean quan \u0111\u1ebfn kh\u00e1ch s\u1ea1n, ti\u1ebfp vi\u00ean * v\u00e0 h\u01b0\u1edbng d\u1eabn vi\u00ean du l\u1ecbch, v\u00e0 cung c\u1ea5p gi\u00e1o d\u1ee5c chuy\u00ean ng\u00e0nh v\u1ec1 kh\u00e1ch s\u1ea1n qu\u1ed1c t\u1ebf k\u1ebft h\u1ee3p ti\u1ebfng Anh v\u00e0 kinh doanh, hi\u1ec7n \u0111ang ph\u1ed5 bi\u1ebfn. Trong n\u0103m 2023, ch\u00fang t\u00f4i s\u1ebd m\u1edf Ph\u00f2ng Truy\u1ec1n th\u00f4ng s\u1ed1 v\u00e0 l\u00e0m vi\u1ec7c \u0111\u1ec3 ph\u00e1t tri\u1ec3n ngu\u1ed3n nh\u00e2n l\u1ef1c DX to\u00e0n c\u1ea7u m\u1edbi. H\u01a1n n\u1eefa, t\u1eeb n\u0103m h\u1ecdc 2024, ch\u00fang t\u00f4i s\u1ebd t\u1ed5 ch\u1ee9c l\u1ea1i th\u00e0nh m\u1ed9t h\u1ec7 th\u1ed1ng hai tr\u01b0\u1eddng cao \u0111\u1eb3ng v\u1edbi m\u1ee5c \u0111\u00edch t\u0103ng c\u01b0\u1eddng kinh doanh v\u00e0 truy\u1ec1n th\u00f4ng. Nh\u1eefng th\u00e1ch th\u1ee9c c\u1ee7a ch\u00fang t\u00f4i s\u1ebd ti\u1ebfp t\u1ee5c, nh\u01b0ng c\u00f3 nh\u1eefng gi\u1ea3ng vi\u00ean v\u00e0 nh\u00e2n vi\u00ean nhi\u1ec7t t\u00ecnh lu\u00f4n coi tr\u1ecdng sinh vi\u00ean. Trong tr\u00e1i tim t\u00f4i l\u00e0 tri\u1ebft l\u00fd \"ch\u1ecbu tr\u00e1ch nhi\u1ec7m v\u1ec1 cu\u1ed9c s\u1ed1ng c\u1ee7a m\u1ed7i h\u1ecdc sinh\".<br>\n\t\t\t\t\t\t<span>* \"C\u1ee5c H\u00e0ng kh\u00f4ng Qu\u1ed1c t\u1ebf\" hi\u1ec7n t\u1ea1i<\/span>\n\t\t\t\t\t<\/p>\n\t\t\t\t\t<p class=\"flex-profile\">\n  Ch\u1ee7 t\u1ecbch, H\u1ecdc vi\u1ec7n Ngo\u1ea1i ng\u1eef Kanda<br>\n\t\t\t\t\t\t<span>Minoru Imai<\/span>\n\t\t\t\t\t<\/p>\n\t\t\t\t<\/div>\n\n\t\t\t\t<div class=\"flex-photo\"><\/div>\n\t\t\t<\/div>\n\t\t<\/div>","protected":false},"excerpt":{"rendered":"L\u1eddi n\u00f3i l\u00e0 n\u1ec1n t\u1ea3ng c\u1ee7a h\u00f2a b\u00ecnh k\u1ebft n\u1ed1i th\u1ebf gi\u1edbi Ch\u00fang t\u00f4i ti\u1ebfn l\u00ean ph\u00eda tr\u01b0\u1edbc v\u1edbi s\u1ef1 ph\u00e1t tri\u1ec3n v\u00e0 qu\u1ed1c t\u1ebf h\u00f3a c\u1ee7a Nh\u1eadt B\u1ea3n v\u00e0 cung c\u1ea5p m\u1ed9t m\u00f4i tr\u01b0\u1eddng gi\u00e1o d\u1ee5c lu\u00f4n theo quan \u0111i\u1ec3m c\u1ee7a th\u1eddi \u0111\u1ea1i. \u0110\u1ec1 c\u01b0\u01a1ng c\u1ee7a tr\u01b0\u1eddng Ch\u00fang t\u00f4i s\u1ebd gi\u1edbi thi\u1ec7u ph\u00e1c th\u1ea3o [&hellip;]","protected":false},"author":1,"featured_media":0,"parent":0,"menu_order":6,"comment_status":"closed","ping_status":"closed","template":"page-format_temp.php","meta":{"footnotes":"","_links_to":"","_links_to_target":""},"acf":[],"_links":{"self":[{"href":"https:\/\/www.kandagaigo.ac.jp\/kifl\/vi\/wp-json\/wp\/v2\/pages\/831417"}],"collection":[{"href":"https:\/\/www.kandagaigo.ac.jp\/kifl\/vi\/wp-json\/wp\/v2\/pages"}],"about":[{"href":"https:\/\/www.kandagaigo.ac.jp\/kifl\/vi\/wp-json\/wp\/v2\/types\/page"}],"author":[{"embeddable":true,"href":"https:\/\/www.kandagaigo.ac.jp\/kifl\/vi\/wp-json\/wp\/v2\/users\/1"}],"replies":[{"embeddable":true,"href":"https:\/\/www.kandagaigo.ac.jp\/kifl\/vi\/wp-json\/wp\/v2\/comments?post=831417"}],"version-history":[{"count":1,"href":"https:\/\/www.kandagaigo.ac.jp\/kifl\/vi\/wp-json\/wp\/v2\/pages\/831417\/revisions"}],"predecessor-version":[{"id":831460,"href":"https:\/\/www.kandagaigo.ac.jp\/kifl\/vi\/wp-json\/wp\/v2\/pages\/831417\/revisions\/831460"}],"wp:attachment":[{"href":"https:\/\/www.kandagaigo.ac.jp\/kifl\/vi\/wp-json\/wp\/v2\/media?parent=831417"}],"curies":[{"name":"wp","href":"https:\/\/api.w.org\/{rel}","templated":true}]}}