{"id":831405,"date":"2023-10-05T11:24:31","date_gmt":"2023-10-05T02:24:31","guid":{"rendered":"https:\/\/www.kandagaigo.ac.jp\/kifl\/training\/"},"modified":"2023-10-23T18:20:24","modified_gmt":"2023-10-23T09:20:24","slug":"training","status":"publish","type":"page","link":"https:\/\/www.kandagaigo.ac.jp\/kifl\/vi\/training\/","title":{"rendered":"\u0110\u00e0o t\u1ea1o v\u00e0 h\u1ecdc t\u1eadp \u1edf n\u01b0\u1edbc ngo\u00e0i"},"content":{"rendered":"<div class=\"content-inner\">\n\t\t\t<h3 class=\"training-section-title\">\n\t\t\t\t<span>Du h\u1ecdc Nh\u1eadt B\u1ea3n,<\/span><br class=\"mb-object\">\n\t\t\t\t<span>Du h\u1ecdc<\/span>\n\t\t\t<\/h3>\n\t\t\t<p class=\"paragraph\">\u0110\u00e0o t\u1ea1o ng\u00f4n ng\u1eef t\u1ea1i Nh\u1eadt B\u1ea3n v\u00e0 n\u01b0\u1edbc ngo\u00e0i, th\u1ef1c t\u1eadp \u1edf n\u01b0\u1edbc ngo\u00e0i, c\u00e1c kh\u00f3a h\u1ecdc chu\u1ea9n b\u1ecb vi\u1ec7c l\u00e0m, du h\u1ecdc t\u1ea1i c\u00e1c tr\u01b0\u1eddng \u0111\u1ea1i h\u1ecdc \u1edf n\u01b0\u1edbc ngo\u00e0i, v.v.<\/p>\n\n\t\t\t<div class=\"training-content\">\n\t\t\t\t<a href=\".\/domestic.html\" class=\"training-box\">\n\t\t\t\t\t<figure>\n\t\t\t\t\t\t<img decoding=\"async\" src=\".\/images\/training-img01.jpg\" alt=\"\u0110\u00e0o t\u1ea1o trong n\u01b0\u1edbc\">\n\t\t\t\t\t<\/figure>\n\t\t\t\t\t<h4 class=\"training-tilte\">\u0110\u00e0o t\u1ea1o trong n\u01b0\u1edbc<\/h4>\n\t\t\t\t\t<p class=\"paragraph\">\u0110\u00e0o t\u1ea1o tr\u1ea3i nghi\u1ec7m m\u00f4 ph\u1ecfng V\u01b0\u01a1ng qu\u1ed1c Anh<\/p>\n\t\t\t\t<\/a>\n\t\t\t\t<a href=\".\/abroad.html\" class=\"training-box\">\n\t\t\t\t\t<figure>\n\t\t\t\t\t\t<img decoding=\"async\" src=\".\/images\/training-img02.jpg\" alt=\"\u0110\u00e0o t\u1ea1o \u1edf n\u01b0\u1edbc ngo\u00e0i\">\n\t\t\t\t\t<\/figure>\n\t\t\t\t\t<h4 class=\"training-tilte\">\u0110\u00e0o t\u1ea1o v\u00e0 du h\u1ecdc \u1edf n\u01b0\u1edbc ngo\u00e0i<\/h4>\n\t\t\t\t\t<p class=\"paragraph\">\u0110\u00e0o t\u1ea1o m\u00f9a h\u00e8 \u1edf Ireland \/ \u0110\u00e0o t\u1ea1o m\u00f9a xu\u00e2n \u1edf Anh \/ \u0110\u00e0o t\u1ea1o t\u1ea1i H\u00e0n Qu\u1ed1c \/ \u0110\u00e0o t\u1ea1o ng\u00f4n ng\u1eef c\u00e1 nh\u00e2n \/ \u0110\u00e0o t\u1ea1o t\u00ecnh nguy\u1ec7n vi\u00ean \u1edf New York \/ \u0110\u00e0o t\u1ea1o doanh nh\u00e2n ng\u1eafn h\u1ea1n \u1edf New York \/ \u0110\u00e0o t\u1ea1o t\u1ea1i Ph\u00e1p \/ \u0110\u00e0o t\u1ea1o t\u1ea1i Vi\u1ec7t Nam \/ \u0110\u00e0o t\u1ea1o t\u1ea1i Sri Lanka \/ \u0110\u00e0o t\u1ea1o t\u1ea1i Honolulu\n\t\t\t\t\t<\/p>\n\t\t\t\t<\/a>\n\t\t\t<\/div>\n\t\t<\/div>\n\n\t\t<!-- <div class=\"content-inner\">\n\t\t\t<h3 class=\"section-title\">\n\t\t\t\t<span>\u6b63\u898f\u7559\u5b66<\/span>\n\t\t\t<\/h3>\n\t\t\t<p class=\"paragraph\">\n\t\t\t\t\u7559\u5b66\u79d1\u306f\u8a9e\u5b66\u7559\u5b66\u3067\u306f\u306a\u304f\u6d77\u5916\u306e\u5927\u5b66\u3078\u7de8\u5165\u5b66\u3057\u3001\u73fe\u5730\u5927\u5b66\u3092\u5352\u696d\u3059\u308b\u3053\u3068\u3092\u3081\u3056\u3059\u5b66\u79d1\u3067\u3059\u3002\u7559\u5b66\u79d1\u306e\u307b\u304b\u306b\u3001\u30a2\u30b8\u30a2\uff0f\u30e8\u30fc\u30ed\u30c3\u30d1\u8a00\u8a9e\u79d1\u30d5\u30e9\u30f3\u30b9\u8a9e\u30b3\u30fc\u30b9\u3001\u4e2d\u56fd\u8a9e\u30b3\u30fc\u30b9\u3001\u97d3\u56fd\u8a9e\u30b3\u30fc\u30b9\u304b\u3089\u3082\u63d0\u643a\u6821\u306b\u7de8\u5165\u5b66\u3059\u308b\u3053\u3068\u304c\u3067\u304d\u307e\u3059\u3002\n\t\t\t<\/p>\n\t\t\t<ul class=\"index-list training-study-abroad\">\n\t\t\t\t<li>\n\t\t\t\t\t<a href=\"..\/course\/isp.html\">\n\t\t\t\t\t\t\u7559\u5b66\u79d1\n\t\t\t\t\t<\/a>\n\t\t\t\t<\/li>\n\t\t\t\t<li>\n\t\t\t\t\t<a href=\"https:\/\/www.kandagaigo.ac.jp\/kifl\/course\/aeu\/flc.html\">\n\t\t\t\t\t\t\u30d5\u30e9\u30f3\u30b9\u8a9e\u30b3\u30fc\u30b9\n\t\t\t\t\t<\/a>\n\t\t\t\t<\/li>\n\t\t\t\t<li>\n\t\t\t\t\t<a href=\"https:\/\/www.kandagaigo.ac.jp\/kifl\/course\/aeu\/clc.html\">\n\t\t\t\t\t\t\u4e2d\u56fd\u8a9e\u30b3\u30fc\u30b9\n\t\t\t\t\t<\/a>\n\t\t\t\t<\/li>\n\t\t\t\t<li>\n\t\t\t\t\t<a href=\"https:\/\/www.kandagaigo.ac.jp\/kifl\/course\/aeu\/klc.html\">\n\t\t\t\t\t\t\u97d3\u56fd\u8a9e\u30b3\u30fc\u30b9\n\t\t\t\t\t<\/a>\n\t\t\t\t<\/li>\n\t\t\t<\/ul>\n\t\t<\/div>\n\n\t\t<div class=\"content-inner\">\n\t\t\t<h4 class=\"index-title\">\n\t\t\t\tINDEX\n\t\t\t<\/h4>\n\t\t\t<ul class=\"index-list\">\n\t\t\t\t<li>\n\t\t\t\t\t<a href=\".\/domestic.html\">\n\t\t\t\t\t\t\u56fd\u5185\u7814\u4fee\n\t\t\t\t\t<\/a>\n\t\t\t\t<\/li>\n\t\t\t\t<li>\n\t\t\t\t\t<a href=\".\/abroad.html\">\n\t\t\t\t\t\t\u6d77\u5916\u7814\u4fee\n\t\t\t\t\t<\/a>\n\t\t\t\t<\/li>\n\t\t\t<\/ul>\n\t\t<\/div> -->\n\n\t<\/div>","protected":false},"excerpt":{"rendered":"Du h\u1ecdc Nh\u1eadt B\u1ea3n, Du h\u1ecdc \u0110\u00e0o t\u1ea1o ng\u00f4n ng\u1eef t\u1ea1i Nh\u1eadt B\u1ea3n v\u00e0 n\u01b0\u1edbc ngo\u00e0i, th\u1ef1c t\u1eadp \u1edf n\u01b0\u1edbc ngo\u00e0i, c\u00e1c kh\u00f3a h\u1ecdc chu\u1ea9n b\u1ecb vi\u1ec7c l\u00e0m, du h\u1ecdc t\u1ea1i c\u00e1c tr\u01b0\u1eddng \u0111\u1ea1i h\u1ecdc \u1edf n\u01b0\u1edbc ngo\u00e0i, v.v. \u0110\u00e0o t\u1ea1o trong n\u01b0\u1edbc \u0110\u00e0o t\u1ea1o tr\u1ea3i nghi\u1ec7m m\u00f4 ph\u1ecfng V\u01b0\u01a1ng qu\u1ed1c Anh \u0110\u00e0o t\u1ea1o v\u00e0 [&hellip;]","protected":false},"author":1,"featured_media":0,"parent":0,"menu_order":4,"comment_status":"closed","ping_status":"closed","template":"page-format_temp.php","meta":{"footnotes":"","_links_to":"","_links_to_target":""},"acf":[],"_links":{"self":[{"href":"https:\/\/www.kandagaigo.ac.jp\/kifl\/vi\/wp-json\/wp\/v2\/pages\/831405"}],"collection":[{"href":"https:\/\/www.kandagaigo.ac.jp\/kifl\/vi\/wp-json\/wp\/v2\/pages"}],"about":[{"href":"https:\/\/www.kandagaigo.ac.jp\/kifl\/vi\/wp-json\/wp\/v2\/types\/page"}],"author":[{"embeddable":true,"href":"https:\/\/www.kandagaigo.ac.jp\/kifl\/vi\/wp-json\/wp\/v2\/users\/1"}],"replies":[{"embeddable":true,"href":"https:\/\/www.kandagaigo.ac.jp\/kifl\/vi\/wp-json\/wp\/v2\/comments?post=831405"}],"version-history":[{"count":1,"href":"https:\/\/www.kandagaigo.ac.jp\/kifl\/vi\/wp-json\/wp\/v2\/pages\/831405\/revisions"}],"predecessor-version":[{"id":831458,"href":"https:\/\/www.kandagaigo.ac.jp\/kifl\/vi\/wp-json\/wp\/v2\/pages\/831405\/revisions\/831458"}],"wp:attachment":[{"href":"https:\/\/www.kandagaigo.ac.jp\/kifl\/vi\/wp-json\/wp\/v2\/media?parent=831405"}],"curies":[{"name":"wp","href":"https:\/\/api.w.org\/{rel}","templated":true}]}}